{"id":26,"date":"2024-03-29T03:44:23","date_gmt":"2024-03-29T00:44:23","guid":{"rendered":"https:\/\/beyazesyanizisatin.com\/?page_id=26"},"modified":"2025-04-26T17:12:11","modified_gmt":"2025-04-26T14:12:11","slug":"homepage","status":"publish","type":"page","link":"https:\/\/beyazesyanizisatin.com\/","title":{"rendered":"E\u015fya Alan Yerler"},"content":{"rendered":"<h2 style=\"text-align: center;\"><strong>Eski E\u015fya Al\u0131m Sat\u0131m<\/strong><\/h2>\r\n<p style=\"text-align: center;\"><img loading=\"lazy\" decoding=\"async\" class=\" wp-image-62 alignleft\" src=\"http:\/\/beyazesyanizisatin.com\/wp-content\/uploads\/2024\/12\/viena-kose-koltuk-takimi-7-300x225.jpg\" alt=\"\" width=\"195\" height=\"146\" srcset=\"https:\/\/beyazesyanizisatin.com\/wp-content\/uploads\/2024\/12\/viena-kose-koltuk-takimi-7-300x225.jpg 300w, https:\/\/beyazesyanizisatin.com\/wp-content\/uploads\/2024\/12\/viena-kose-koltuk-takimi-7-1024x768.jpg 1024w, https:\/\/beyazesyanizisatin.com\/wp-content\/uploads\/2024\/12\/viena-kose-koltuk-takimi-7.jpg 1600w\" sizes=\"auto, (max-width: 195px) 100vw, 195px\" \/>Evlerde veya i\u015f yerlerinde kullan\u0131lan ve de\u011fi\u015ftirilmesine karar verilen baz\u0131 eski e\u015fyalar\u0131n maddi de\u011ferleri, d\u00fc\u015f\u00fcn\u00fclenden fazla olabilir. Bunlar her ne kadar antika olarak kabul edilmese de, \u00fczerlerindeki \u00f6zel motifler, kendilerine has yap\u0131lar\u0131, kullan\u0131lan kuma\u015flar ve renkleri gibi unsurlara ba\u011fl\u0131 olarak y\u00fcksek de\u011ferlere sat\u0131labilir. \u0130\u015fte bu t\u00fcr e\u015fyalar\u0131n de\u011ferinde sat\u0131labilmesi i\u00e7in <strong>eski e\u015fya al\u0131m sat\u0131m<\/strong> konusunda deneyimli ve uzman olan yerler tercih edilmelidir.<\/p>\r\n<p style=\"text-align: center;\">E\u015fyalar\u0131n de\u011ferini anlamada ve tespit etmede yetersiz bir firmay\u0131 tercih etti\u011finizde, belki de maddi anlamda y\u00fcksek de\u011ferleri olan e\u015fyalar\u0131n\u0131z\u0131 ikinci el fiyat\u0131na alacakt\u0131r. Siz de bu durumu fark etmeyecek ve maddi olarak kayba u\u011frad\u0131\u011f\u0131n\u0131z\u0131 dahi bilmeyeceksiniz. E\u011fer evinizde veya i\u015f yerinizde bu t\u00fcrden e\u015fyalar varsa firmam\u0131zla ileti\u015fime ge\u00e7erek bunlar\u0131n de\u011ferleri hakk\u0131nda bilgi alabilirsiniz.<\/p>\r\n<p style=\"text-align: center;\">Eski e\u015fya ile anlat\u0131lmak istenen genellikle 50 y\u0131l\u0131n \u00fczerinde ge\u00e7mi\u015fi olan ve klasik olarak kabul edilenlerdir. Bu t\u00fcrden e\u015fyalar\u0131 direkt ikinci el satan yerlere g\u00f6t\u00fcrd\u00fc\u011f\u00fcn\u00fczde, \u00e7ok d\u00fc\u015f\u00fck fiyatlara satabilirsiniz. Bunun yerine <strong>eski e\u015fya alan yer<\/strong> olan firmam\u0131za getirdi\u011finizde, ikinci el e\u015fya alan yerlere k\u0131yasla daha y\u00fcksek bir fiyatla satabilirsiniz.<\/p>\r\n<p style=\"text-align: center;\"><img loading=\"lazy\" decoding=\"async\" class=\"size-medium wp-image-63 aligncenter\" src=\"http:\/\/beyazesyanizisatin.com\/wp-content\/uploads\/2024\/12\/Beyaz-Esya-Satmak-Istiyorum-min-1-300x129.jpg\" alt=\"\" width=\"300\" height=\"129\" srcset=\"https:\/\/beyazesyanizisatin.com\/wp-content\/uploads\/2024\/12\/Beyaz-Esya-Satmak-Istiyorum-min-1-300x129.jpg 300w, https:\/\/beyazesyanizisatin.com\/wp-content\/uploads\/2024\/12\/Beyaz-Esya-Satmak-Istiyorum-min-1-1024x441.jpg 1024w, https:\/\/beyazesyanizisatin.com\/wp-content\/uploads\/2024\/12\/Beyaz-Esya-Satmak-Istiyorum-min-1.jpg 1813w\" sizes=\"auto, (max-width: 300px) 100vw, 300px\" \/><\/p>\r\n<h2 style=\"text-align: center;\"><strong>Eski E\u015fya Alan Yerler<\/strong><\/h2>\r\n<p style=\"text-align: center;\"><strong>Eski e\u015fya alan yerler<\/strong>, e\u015fyan\u0131n t\u00fcr\u00fcne ve \u00f6zelliklerine ba\u011fl\u0131 olarak farkl\u0131 seviyelerde fiyat teklifi yapabilir. Evet, bahsedilen t\u00fcrden \u00fcr\u00fcnlerin genel olarak de\u011ferli oldu\u011fu bilinen bir durumdur.\u00a0Ancak bunlar\u0131n tamam\u0131n\u0131n \u00e7ok y\u00fcksek de\u011ferlerde oldu\u011funun d\u00fc\u015f\u00fcn\u00fclmesi hatal\u0131 olacakt\u0131r. Nihayetinde her e\u015fyan\u0131n de\u011feri farkl\u0131 olacakt\u0131r.<\/p>\r\n<p style=\"text-align: center;\">E\u015fyalar\u0131n de\u011ferlerinin tespit edilmesinde dikkate al\u0131nan baz\u0131 \u00f6nemli noktalar var. Bunlardan \u00f6ne \u00e7\u0131kanlar \u015fu \u015fekilde s\u0131ralanabilir:<\/p>\r\n<ul style=\"text-align: center;\">\r\n<li>E\u015fyalar\u0131n genel kalitesi<\/li>\r\n<li>Renkleri<\/li>\r\n<li>Varsa \u00fczerindeki motifler ve desenler<\/li>\r\n<li>Sa\u011flaml\u0131klar\u0131<\/li>\r\n<li>Sat\u0131labilir olma durumlar\u0131<\/li>\r\n<li>Modelleri<\/li>\r\n<li>E\u015fyan\u0131n t\u00fcr\u00fc<\/li>\r\n<\/ul>\r\n<p style=\"text-align: center;\">Bahsedilen hususlar ve bunlar\u0131n benzerleri dikkate al\u0131narak de\u011ferleme i\u015flemi yap\u0131l\u0131r. Bu de\u011ferlemeyi \u015feffaf olarak yap\u0131yor ve her a\u015famada sizlere bilgi veriyoruz. B\u00f6ylece akl\u0131n\u0131zda en ufak bir \u015f\u00fcphe b\u0131rakm\u0131yor ve sordu\u011funuz t\u00fcm sorular\u0131 a\u00e7\u0131k bir \u015fekilde cevapl\u0131yoruz.<\/p>\r\n<div class=\"wp-block-group alignfull has-background\" style=\"background-color: #e5e9ec; text-align: center;\">\r\n<div class=\"wp-block-group__inner-container\">\r\n<div class=\"wp-block-columns\">\r\n<div class=\"wp-block-column is-vertically-aligned-center\"><!-- \/wp:heading -->\r\n\r\n<!-- wp:paragraph -->\r\n<h2><strong>Eski E\u015fya Alan Yer<\/strong><\/h2>\r\n<p><strong>Eski e\u015fya alan yer<\/strong> olan firmam\u0131z, sizlerden gelen istekleri etkili olarak kar\u015f\u0131lamaktad\u0131r. \u00d6zellikle b\u00fcy\u00fck ve klasik olan e\u015fyalar\u0131 satmadan \u00f6nce fiyatlar\u0131 hakk\u0131nda bilgi almak istedi\u011finizi biliyoruz. Bu noktada \u00f6ncelikle sizlerden foto\u011fraf talep ediyor ve gelen foto\u011fraflar\u0131n durumuna g\u00f6re ortalama bir fiyat veriyoruz. Ancak verdi\u011fimiz rakamlar\u0131n ortalama oldu\u011funun unutulmamas\u0131 gerekir. Zira ger\u00e7ek fiyat, ancak \u00fcr\u00fcn incelendi\u011finde ortaya \u00e7\u0131kacakt\u0131r.<\/p>\r\n<p>Fiyatlar\u0131n belirlenmesi i\u00e7in uzmanlar\u0131m\u0131z \u00fcr\u00fcnleri fiziki olarak incelemekte ve bir\u00e7ok a\u00e7\u0131dan de\u011ferlendirmektedir. B\u00fct\u00fcn bunlar\u0131n sonucunda fiyatlar belirlenmekte ve bunlar teklif olarak size iletilmektedir. E\u011fer teklifi kabul ederseniz, \u00f6demeniz an\u0131nda yap\u0131l\u0131r ve <strong>eski e\u015fya al\u0131m sat\u0131m <\/strong>s\u00fcreci bu \u015fekilde tamamlan\u0131r. Eski e\u015fyalar\u0131n sat\u0131\u015f\u0131yla ilgili daha detayl\u0131 bilgi i\u00e7in hemen bizimle ileti\u015fime ge\u00e7ebilirsiniz.<\/p>\r\n<!-- \/wp:paragraph -->\r\n\r\n<!-- wp:buttons {\"contentJustification\":\"left\"} -->\r\n<div class=\"wp-block-buttons is-content-justification-left\"><!-- wp:button {\"borderRadius\":0,\"className\":\"is-style-outline\"} -->\r\n<div class=\"wp-block-button is-style-outline\"><a class=\"wp-block-button__link no-border-radius\" href=\"tel:05335037650\"><span style=\"vertical-align: inherit;\"><span style=\"vertical-align: inherit;\">Teklif Al<\/span><\/span><\/a><\/div>\r\n<!-- \/wp:button --><\/div>\r\n<!-- \/wp:buttons -->\r\n\r\n<!-- wp:paragraph -->\r\n<p>&nbsp;<\/p>\r\n<!-- \/wp:paragraph --><\/div>\r\n<!-- \/wp:column -->\r\n\r\n<!-- wp:column -->\r\n<div class=\"wp-block-column\"><!-- wp:spacer {\"height\":48} -->\r\n<div class=\"wp-block-spacer\" style=\"height: 48px;\" aria-hidden=\"true\">\u00a0<\/div>\r\n<!-- \/wp:spacer -->\r\n\r\n<!-- wp:image {\"id\":26,\"sizeSlug\":\"large\",\"linkDestination\":\"none\"} -->\r\n<figure class=\"wp-block-image size-large\"><img loading=\"lazy\" decoding=\"async\" class=\"alignnone size-medium wp-image-68\" src=\"http:\/\/beyazesyanizisatin.com\/wp-content\/uploads\/2024\/12\/vincent-cappucino-yemek-masasi-sabit-yemek-masalari-104341-17-B-300x178.jpg\" alt=\"\" width=\"300\" height=\"178\" srcset=\"https:\/\/beyazesyanizisatin.com\/wp-content\/uploads\/2024\/12\/vincent-cappucino-yemek-masasi-sabit-yemek-masalari-104341-17-B-300x178.jpg 300w, https:\/\/beyazesyanizisatin.com\/wp-content\/uploads\/2024\/12\/vincent-cappucino-yemek-masasi-sabit-yemek-masalari-104341-17-B-1024x606.jpg 1024w, https:\/\/beyazesyanizisatin.com\/wp-content\/uploads\/2024\/12\/vincent-cappucino-yemek-masasi-sabit-yemek-masalari-104341-17-B.jpg 1155w\" sizes=\"auto, (max-width: 300px) 100vw, 300px\" \/><\/figure>\r\n<\/div>\r\n<\/div>\r\n<\/div>\r\n<\/div>\r\n<p style=\"text-align: center;\"><!-- \/wp:group -->\r\n\r\n<!-- wp:group {\"align\":\"full\",\"backgroundColor\":\"black\"} --><\/p>\r\n<div class=\"wp-block-group alignfull has-black-background-color has-background\" style=\"text-align: center;\">\r\n<div class=\"wp-block-group__inner-container\"><!-- wp:heading {\"textAlign\":\"center\",\"textColor\":\"white\"} -->\r\n<h2 class=\"has-text-align-center has-white-color has-text-color\"><strong><span style=\"vertical-align: inherit;\"><span style=\"vertical-align: inherit;\">Galeri<\/span><\/span><\/strong><\/h2>\r\n<!-- \/wp:heading -->\r\n\r\n<!-- wp:gallery {\"ids\":[28,27,26,25,24,29],\"linkTo\":\"none\",\"align\":\"center\"} -->\r\n<figure class=\"wp-block-gallery aligncenter columns-3 is-cropped\">\r\n<ul class=\"blocks-gallery-grid\">\r\n<li class=\"blocks-gallery-item\">\r\n<figure><img loading=\"lazy\" decoding=\"async\" class=\"alignnone size-full wp-image-70\" src=\"http:\/\/beyazesyanizisatin.com\/wp-content\/uploads\/2024\/12\/images-1.jpeg\" alt=\"\" width=\"292\" height=\"172\" \/><\/figure>\r\n<\/li>\r\n<li class=\"blocks-gallery-item\">\r\n<figure><img loading=\"lazy\" decoding=\"async\" class=\"alignnone size-medium wp-image-71\" src=\"http:\/\/beyazesyanizisatin.com\/wp-content\/uploads\/2024\/12\/arcelik-servisi-300x200.webp\" alt=\"\" width=\"300\" height=\"200\" srcset=\"https:\/\/beyazesyanizisatin.com\/wp-content\/uploads\/2024\/12\/arcelik-servisi-300x200.webp 300w, https:\/\/beyazesyanizisatin.com\/wp-content\/uploads\/2024\/12\/arcelik-servisi-1024x682.webp 1024w, https:\/\/beyazesyanizisatin.com\/wp-content\/uploads\/2024\/12\/arcelik-servisi.webp 1280w\" sizes=\"auto, (max-width: 300px) 100vw, 300px\" \/><\/figure>\r\n<\/li>\r\n<li class=\"blocks-gallery-item\">\r\n<figure><img loading=\"lazy\" decoding=\"async\" class=\"alignnone size-medium wp-image-72\" src=\"http:\/\/beyazesyanizisatin.com\/wp-content\/uploads\/2024\/12\/nirvana-yemek-masasi-a19-b7-300x203.webp\" alt=\"\" width=\"300\" height=\"203\" srcset=\"https:\/\/beyazesyanizisatin.com\/wp-content\/uploads\/2024\/12\/nirvana-yemek-masasi-a19-b7-300x203.webp 300w, https:\/\/beyazesyanizisatin.com\/wp-content\/uploads\/2024\/12\/nirvana-yemek-masasi-a19-b7-1024x692.webp 1024w, https:\/\/beyazesyanizisatin.com\/wp-content\/uploads\/2024\/12\/nirvana-yemek-masasi-a19-b7.webp 1280w\" sizes=\"auto, (max-width: 300px) 100vw, 300px\" \/><\/figure>\r\n<\/li>\r\n<li class=\"blocks-gallery-item\"><img loading=\"lazy\" decoding=\"async\" class=\"alignnone size-medium wp-image-73\" src=\"http:\/\/beyazesyanizisatin.com\/wp-content\/uploads\/2024\/12\/viena-kose-koltuk-takimi-7-1-300x225.jpg\" alt=\"\" width=\"300\" height=\"225\" srcset=\"https:\/\/beyazesyanizisatin.com\/wp-content\/uploads\/2024\/12\/viena-kose-koltuk-takimi-7-1-300x225.jpg 300w, https:\/\/beyazesyanizisatin.com\/wp-content\/uploads\/2024\/12\/viena-kose-koltuk-takimi-7-1-1024x768.jpg 1024w, https:\/\/beyazesyanizisatin.com\/wp-content\/uploads\/2024\/12\/viena-kose-koltuk-takimi-7-1.jpg 1600w\" sizes=\"auto, (max-width: 300px) 100vw, 300px\" \/><\/li>\r\n<li class=\"blocks-gallery-item\">\u00a0<\/li>\r\n<li class=\"blocks-gallery-item\"><br \/><br \/><\/li>\r\n<\/ul>\r\n<\/figure>\r\n<\/div>\r\n<\/div>\r\n<p style=\"text-align: center;\"><!-- \/wp:cover --><\/p>\r\n<!-- \/wp:group -->","protected":false},"excerpt":{"rendered":"<p>Eski E\u015fya Al\u0131m Sat\u0131m Evlerde veya i\u015f yerlerinde kullan\u0131lan ve de\u011fi\u015ftirilmesine karar verilen baz\u0131 eski e\u015fyalar\u0131n maddi de\u011ferleri, d\u00fc\u015f\u00fcn\u00fclenden fazla olabilir. Bunlar her ne kadar antika olarak kabul edilmese de, \u00fczerlerindeki \u00f6zel motifler, kendilerine has yap\u0131lar\u0131, kullan\u0131lan kuma\u015flar ve renkleri gibi unsurlara ba\u011fl\u0131 olarak y\u00fcksek de\u011ferlere sat\u0131labilir. \u0130\u015fte bu t\u00fcr e\u015fyalar\u0131n de\u011ferinde sat\u0131labilmesi i\u00e7in eski [&hellip;]<\/p>\n","protected":false},"author":1,"featured_media":0,"parent":0,"menu_order":0,"comment_status":"closed","ping_status":"closed","template":"","meta":{"_monsterinsights_skip_tracking":false,"_monsterinsights_sitenote_active":false,"_monsterinsights_sitenote_note":"","_monsterinsights_sitenote_category":0,"footnotes":""},"class_list":["post-26","page","type-page","status-publish","hentry"],"aioseo_notices":[],"_links":{"self":[{"href":"https:\/\/beyazesyanizisatin.com\/index.php\/wp-json\/wp\/v2\/pages\/26","targetHints":{"allow":["GET"]}}],"collection":[{"href":"https:\/\/beyazesyanizisatin.com\/index.php\/wp-json\/wp\/v2\/pages"}],"about":[{"href":"https:\/\/beyazesyanizisatin.com\/index.php\/wp-json\/wp\/v2\/types\/page"}],"author":[{"embeddable":true,"href":"https:\/\/beyazesyanizisatin.com\/index.php\/wp-json\/wp\/v2\/users\/1"}],"replies":[{"embeddable":true,"href":"https:\/\/beyazesyanizisatin.com\/index.php\/wp-json\/wp\/v2\/comments?post=26"}],"version-history":[{"count":15,"href":"https:\/\/beyazesyanizisatin.com\/index.php\/wp-json\/wp\/v2\/pages\/26\/revisions"}],"predecessor-version":[{"id":78,"href":"https:\/\/beyazesyanizisatin.com\/index.php\/wp-json\/wp\/v2\/pages\/26\/revisions\/78"}],"wp:attachment":[{"href":"https:\/\/beyazesyanizisatin.com\/index.php\/wp-json\/wp\/v2\/media?parent=26"}],"curies":[{"name":"wp","href":"https:\/\/api.w.org\/{rel}","templated":true}]}}